{"id":8,"date":"2010-12-15T11:02:40","date_gmt":"2010-12-15T11:02:40","guid":{"rendered":"http:\/\/localhost\/siggipalli.is\/?page_id=8"},"modified":"2010-12-15T11:06:44","modified_gmt":"2010-12-15T11:06:44","slug":"hafa-samband","status":"publish","type":"page","link":"https:\/\/siggipalli.is\/?page_id=8","title":{"rendered":"Hafa samband"},"content":{"rendered":"<p>Siggi Palli<br \/>\nFj\u00f6llistama\u00f0ur<\/p>\n<p>Netfang: <a href=\"mailto:siggipalli@siggipalli.is\">siggipalli@siggipalli.is<\/a><br \/>\nS\u00edmi: 898 1498<\/p>\n","protected":false},"excerpt":{"rendered":"<p>Siggi Palli Fj\u00f6llistama\u00f0ur Netfang: siggipalli@siggipalli.is S\u00edmi: 898 1498<\/p>\n","protected":false},"author":1,"featured_media":0,"parent":0,"menu_order":0,"comment_status":"closed","ping_status":"closed","template":"","meta":{"ngg_post_thumbnail":0,"footnotes":""},"class_list":["post-8","page","type-page","status-publish","hentry"],"_links":{"self":[{"href":"https:\/\/siggipalli.is\/index.php?rest_route=\/wp\/v2\/pages\/8","targetHints":{"allow":["GET"]}}],"collection":[{"href":"https:\/\/siggipalli.is\/index.php?rest_route=\/wp\/v2\/pages"}],"about":[{"href":"https:\/\/siggipalli.is\/index.php?rest_route=\/wp\/v2\/types\/page"}],"author":[{"embeddable":true,"href":"https:\/\/siggipalli.is\/index.php?rest_route=\/wp\/v2\/users\/1"}],"replies":[{"embeddable":true,"href":"https:\/\/siggipalli.is\/index.php?rest_route=%2Fwp%2Fv2%2Fcomments&post=8"}],"version-history":[{"count":2,"href":"https:\/\/siggipalli.is\/index.php?rest_route=\/wp\/v2\/pages\/8\/revisions"}],"predecessor-version":[{"id":13,"href":"https:\/\/siggipalli.is\/index.php?rest_route=\/wp\/v2\/pages\/8\/revisions\/13"}],"wp:attachment":[{"href":"https:\/\/siggipalli.is\/index.php?rest_route=%2Fwp%2Fv2%2Fmedia&parent=8"}],"curies":[{"name":"wp","href":"https:\/\/api.w.org\/{rel}","templated":true}]}}